{"id":1223,"date":"2026-02-24T13:38:01","date_gmt":"2026-02-24T13:38:01","guid":{"rendered":"https:\/\/www.evrenmentese.com\/?page_id=1223"},"modified":"2026-02-24T13:38:01","modified_gmt":"2026-02-24T13:38:01","slug":"hizmetlerimiz","status":"publish","type":"page","link":"https:\/\/www.evrenmentese.com\/index.php\/hizmetlerimiz\/","title":{"rendered":"Hizmetlerimiz"},"content":{"rendered":"<div class=\"wpb-content-wrapper\"><p>[vc_section full_width=&#8221;stretch_row&#8221; woodmart_bg_position=&#8221;center-center&#8221; css=&#8221;.vc_custom_1638368459606{margin-bottom: 80px !important;padding-top: 50px !important;background-image: url(http:\/\/www.evrenmentese.com\/wp-content\/uploads\/2026\/02\/jewellery-vertical-line-bg-left.png) !important;background-position: 0 0 !important;background-repeat: repeat !important;}&#8221; woodmart_css_id=&#8221;61a784c7dea9d&#8221; responsive_spacing=&#8221;eyJwYXJhbV90eXBlIjoid29vZG1hcnRfcmVzcG9uc2l2ZV9zcGFjaW5nIiwic2VsZWN0b3JfaWQiOiI2MWE3ODRjN2RlYTlkIiwic2hvcnRjb2RlIjoidmNfc2VjdGlvbiIsImRhdGEiOnsidGFibGV0Ijp7fSwibW9iaWxlIjp7fX19&#8243; mobile_bg_img_hidden=&#8221;yes&#8221; tablet_bg_img_hidden=&#8221;no&#8221; woodmart_parallax=&#8221;0&#8243; woodmart_gradient_switch=&#8221;no&#8221; woodmart_disable_overflow=&#8221;0&#8243; wd_z_index=&#8221;no&#8221; woodmart_box_shadow=&#8221;no&#8221;][vc_row full_width=&#8221;stretch_row&#8221; content_placement=&#8221;middle&#8221; woodmart_bg_position=&#8221;center-top&#8221; row_reverse_mobile=&#8221;1&#8243; woodmart_disable_overflow=&#8221;1&#8243; css=&#8221;.vc_custom_1628844420711{margin-bottom: 35px !important;background-image: url(http:\/\/www.evrenmentese.com\/wp-content\/uploads\/2026\/02\/jewellery-vertical-line-leftt-brown-bg.png) !important;background-position: 0 0 !important;background-repeat: no-repeat !important;}&#8221; woodmart_css_id=&#8221;61163181117be&#8221; responsive_spacing=&#8221;eyJwYXJhbV90eXBlIjoid29vZG1hcnRfcmVzcG9uc2l2ZV9zcGFjaW5nIiwic2VsZWN0b3JfaWQiOiI2MTE2MzE4MTExN2JlIiwic2hvcnRjb2RlIjoidmNfcm93IiwiZGF0YSI6eyJ0YWJsZXQiOnt9LCJtb2JpbGUiOnsibWFyZ2luLWJvdHRvbSI6IjIwIn19fQ==&#8221; mobile_bg_img_hidden=&#8221;no&#8221; tablet_bg_img_hidden=&#8221;no&#8221; woodmart_parallax=&#8221;0&#8243; woodmart_gradient_switch=&#8221;no&#8221; row_reverse_tablet=&#8221;0&#8243; wd_z_index=&#8221;no&#8221;][vc_column width=&#8221;1\/2&#8243; css=&#8221;.vc_custom_1628844429951{margin-right: -80px !important;margin-bottom: 40px !important;margin-left: 15px !important;padding-top: 35px !important;padding-right: 50px !important;padding-bottom: 20px !important;padding-left: 50px !important;background-color: #ffffff !important;}&#8221; offset=&#8221;vc_col-md-6&#8243; woodmart_css_id=&#8221;6116318badcb8&#8243; responsive_spacing=&#8221;eyJwYXJhbV90eXBlIjoid29vZG1hcnRfcmVzcG9uc2l2ZV9zcGFjaW5nIiwic2VsZWN0b3JfaWQiOiI2MTE2MzE4YmFkY2I4Iiwic2hvcnRjb2RlIjoidmNfY29sdW1uIiwiZGF0YSI6eyJ0YWJsZXQiOnt9LCJtb2JpbGUiOnt9fX0=&#8221; parallax_scroll=&#8221;no&#8221; mobile_bg_img_hidden=&#8221;no&#8221; tablet_bg_img_hidden=&#8221;no&#8221; woodmart_parallax=&#8221;0&#8243; woodmart_sticky_column=&#8221;false&#8221; mobile_reset_margin=&#8221;yes&#8221; tablet_reset_margin=&#8221;no&#8221; wd_z_index=&#8221;yes&#8221;]\n\t\t<div id=\"wd-699da9252d9ab\" class=\"title-wrapper wd-wpb wd-set-mb reset-last-child  wd-rs-699da9252d9ab wd-title-color-default wd-title-style-default text-left vc_custom_1771940152690 wd-width-custom wd-underline-colored\">\n\t\t\t\n\t\t\t<div class=\"liner-continer\">\n\t\t\t\t<h4 class=\"woodmart-title-container title  wd-font-weight- wd-fontsize-l\" >Hizmetlerimiz..<\/h4>\n\t\t\t\t\t\t\t<\/div>\n\t\t\t\n\t\t\t\n\t\t\t\n\t\t<\/div>\n\t\t\n\t\t\t\t<div id=\"wd-699da94f087f9\" class=\"wd-text-block wd-wpb reset-last-child wd-rs-699da94f087f9 text-left vc_custom_1771940175923\">\n\t\t\t<p data-start=\"0\" data-end=\"396\"><strong data-start=\"0\" data-end=\"17\">Evren Mente\u015fe<\/strong>, y\u0131llara dayanan sekt\u00f6r tecr\u00fcbesiyle kap\u0131 kollar\u0131, mente\u015feler, kap\u0131 kilitleri, mobilya kulplar\u0131 ve ask\u0131lar ba\u015fta olmak \u00fczere geni\u015f \u00fcr\u00fcn yelpazesini y\u00fcksek kalite standartlar\u0131nda \u00fcretmektedir. \u00dcretimin her a\u015famas\u0131nda dayan\u0131kl\u0131l\u0131k, estetik ve fonksiyonellik temel prensip olarak benimsenmekte; modern \u00fcretim teknolojileri ve alan\u0131nda uzman kadromuzla titizlikle \u00e7al\u0131\u015f\u0131lmaktad\u0131r.<\/p>\n<p data-start=\"398\" data-end=\"731\">Evren Mente\u015fe olarak m\u00fc\u015fterilerimize yaln\u0131zca \u00fcr\u00fcn sunmay\u0131 de\u011fil, ayn\u0131 zamanda g\u00fcvenilir hizmet anlay\u0131\u015f\u0131 ve s\u00fcrd\u00fcr\u00fclebilir memnuniyet sa\u011flamay\u0131 hedefliyoruz. Kalite kontrol s\u00fcre\u00e7lerimizle uzun \u00f6m\u00fcrl\u00fc ve sorunsuz kullan\u0131m sa\u011flayan \u00e7\u00f6z\u00fcmler \u00fcretirken, sekt\u00f6rdeki yenilikleri yak\u0131ndan takip ederek \u00fcr\u00fcnlerimizi s\u00fcrekli geli\u015ftiriyoruz.<\/p>\n\t\t<\/div>\n\t\t\t\t<div id=\"wd-699da95ab2618\" class=\"wd-text-block wd-wpb reset-last-child wd-rs-699da95ab2618 text-left vc_custom_1771940186853\">\n\t\t\t<ul>\n<li data-start=\"733\" data-end=\"803\">\n<p data-start=\"735\" data-end=\"803\">Kap\u0131 aksesuarlar\u0131 \u00fcretiminde y\u00fcksek kalite ve g\u00fcvenilir performans<\/p>\n<\/li>\n<li data-start=\"804\" data-end=\"867\">\n<p data-start=\"806\" data-end=\"867\">Mobilya donan\u0131mlar\u0131nda estetik, sa\u011flam ve i\u015flevsel \u00e7\u00f6z\u00fcmler<\/p>\n<\/li>\n<li data-start=\"868\" data-end=\"920\" data-is-last-node=\"\">\n<p data-start=\"870\" data-end=\"920\" data-is-last-node=\"\">Yerli \u00fcretim g\u00fcc\u00fc ve Evren Mente\u015fe marka g\u00fcvencesi<\/p>\n<\/li>\n<\/ul>\n<p><span dir=\"auto\" style=\"vertical-align: inherit;\"><span dir=\"auto\" style=\"vertical-align: inherit;\"><\/p>\n\t\t<\/div>\n\t\t[vc_row_inner content_placement=&#8221;middle&#8221;][vc_column_inner offset=&#8221;vc_col-lg-6 vc_col-md-6 vc_col-xs-12&#8243; woodmart_css_id=&#8221;610bd09f9b696&#8243; responsive_spacing=&#8221;eyJwYXJhbV90eXBlIjoid29vZG1hcnRfcmVzcG9uc2l2ZV9zcGFjaW5nIiwic2VsZWN0b3JfaWQiOiI2MTBiZDA5ZjliNjk2Iiwic2hvcnRjb2RlIjoidmNfY29sdW1uX2lubmVyIiwiZGF0YSI6eyJ0YWJsZXQiOnt9LCJtb2JpbGUiOnt9fX0=&#8221;]\t\t\t<div\n\t\t\t\t\t\tclass=\" wd-rs-699da96edfeb3 wd-social-icons  wd-style-bordered wd-size-small social-share wd-shape-circle color-scheme-dark text-left\">\n\t\t\t\t\n\t\t\t\t\n\t\t\t\t\t\t\t\t\t<a rel=\"noopener noreferrer nofollow\" href=\"https:\/\/www.facebook.com\/sharer\/sharer.php?u=https:\/\/www.evrenmentese.com\/index.php\/hizmetlerimiz\/\" target=\"_blank\" class=\" wd-social-icon social-facebook\" aria-label=\"Facebook social link\">\n\t\t\t\t\t\t<span class=\"wd-icon\"><\/span>\n\t\t\t\t\t\t\t\t\t\t\t<\/a>\n\t\t\t\t\n\t\t\t\t\t\t\t\t\t<a rel=\"noopener noreferrer nofollow\" href=\"https:\/\/x.com\/share?url=https:\/\/www.evrenmentese.com\/index.php\/hizmetlerimiz\/\" target=\"_blank\" class=\" wd-social-icon social-twitter\" aria-label=\"X social link\">\n\t\t\t\t\t\t<span class=\"wd-icon\"><\/span>\n\t\t\t\t\t\t\t\t\t\t\t<\/a>\n\t\t\t\t\n\t\t\t\t\n\t\t\t\t\n\t\t\t\t\n\t\t\t\t\n\t\t\t\t\n\t\t\t\t\t\t\t\t\t<a rel=\"noopener noreferrer nofollow\" href=\"https:\/\/pinterest.com\/pin\/create\/button\/?url=https:\/\/www.evrenmentese.com\/index.php\/hizmetlerimiz\/&media=https:\/\/www.evrenmentese.com\/wp-includes\/images\/media\/default.svg&description=Hizmetlerimiz\" target=\"_blank\" class=\" wd-social-icon social-pinterest\" aria-label=\"Pinterest social link\">\n\t\t\t\t\t\t<span class=\"wd-icon\"><\/span>\n\t\t\t\t\t\t\t\t\t\t\t<\/a>\n\t\t\t\t\n\t\t\t\t\n\t\t\t\t\t\t\t\t\t<a rel=\"noopener noreferrer nofollow\" href=\"https:\/\/www.linkedin.com\/shareArticle?mini=true&url=https:\/\/www.evrenmentese.com\/index.php\/hizmetlerimiz\/\" target=\"_blank\" class=\" wd-social-icon social-linkedin\" aria-label=\"Linkedin social link\">\n\t\t\t\t\t\t<span class=\"wd-icon\"><\/span>\n\t\t\t\t\t\t\t\t\t\t\t<\/a>\n\t\t\t\t\n\t\t\t\t\n\t\t\t\t\n\t\t\t\t\n\t\t\t\t\n\t\t\t\t\n\t\t\t\t\n\t\t\t\t\n\t\t\t\t\n\t\t\t\t\n\t\t\t\t\n\t\t\t\t\n\t\t\t\t\n\t\t\t\t\n\t\t\t\t\n\t\t\t\t\t\t\t\t\t<a rel=\"noopener noreferrer nofollow\" href=\"https:\/\/telegram.me\/share\/url?url=https:\/\/www.evrenmentese.com\/index.php\/hizmetlerimiz\/\" target=\"_blank\" class=\" wd-social-icon social-tg\" aria-label=\"Telegram social link\">\n\t\t\t\t\t\t<span class=\"wd-icon\"><\/span>\n\t\t\t\t\t\t\t\t\t\t\t<\/a>\n\t\t\t\t\n\t\t\t\t\n\t\t\t<\/div>\n\n\t\t[\/vc_column_inner][vc_column_inner woodmart_text_align=&#8221;right&#8221; offset=&#8221;vc_col-lg-6 vc_col-md-6 vc_col-xs-12&#8243; woodmart_css_id=&#8221;610bd09b7651f&#8221; responsive_spacing=&#8221;eyJwYXJhbV90eXBlIjoid29vZG1hcnRfcmVzcG9uc2l2ZV9zcGFjaW5nIiwic2VsZWN0b3JfaWQiOiI2MTBiZDA5Yjc2NTFmIiwic2hvcnRjb2RlIjoidmNfY29sdW1uX2lubmVyIiwiZGF0YSI6eyJ0YWJsZXQiOnt9LCJtb2JpbGUiOnt9fX0=&#8221;][\/vc_column_inner][\/vc_row_inner][\/vc_column][vc_column width=&#8221;1\/2&#8243; css=&#8221;.vc_custom_1628164243256{margin-bottom: 30px !important;padding-top: 0px !important;}&#8221; offset=&#8221;vc_col-md-6&#8243; woodmart_css_id=&#8221;610bd08d8fbfb&#8221; responsive_spacing=&#8221;eyJwYXJhbV90eXBlIjoid29vZG1hcnRfcmVzcG9uc2l2ZV9zcGFjaW5nIiwic2VsZWN0b3JfaWQiOiI2MTBiZDA4ZDhmYmZiIiwic2hvcnRjb2RlIjoidmNfY29sdW1uIiwiZGF0YSI6eyJ0YWJsZXQiOnt9LCJtb2JpbGUiOnt9fX0=&#8221; parallax_scroll=&#8221;no&#8221; mobile_bg_img_hidden=&#8221;no&#8221; tablet_bg_img_hidden=&#8221;no&#8221; woodmart_parallax=&#8221;0&#8243; woodmart_sticky_column=&#8221;false&#8221; mobile_reset_margin=&#8221;no&#8221; tablet_reset_margin=&#8221;no&#8221;]\t\t<div id=\"wd-699da91252e57\" class=\"wd-image wd-wpb wd-rs-699da91252e57 text-center vc_custom_1771940118261\">\n\t\t\t\n\t\t\t<img loading=\"lazy\" decoding=\"async\" width=\"510\" height=\"280\" src=\"https:\/\/www.evrenmentese.com\/wp-content\/uploads\/2026\/02\/orjinal-evren-logosu.png\" class=\"attachment-510x500 size-510x500\" alt=\"\" srcset=\"https:\/\/www.evrenmentese.com\/wp-content\/uploads\/2026\/02\/orjinal-evren-logosu.png 684w, https:\/\/www.evrenmentese.com\/wp-content\/uploads\/2026\/02\/orjinal-evren-logosu-150x82.png 150w, https:\/\/www.evrenmentese.com\/wp-content\/uploads\/2026\/02\/orjinal-evren-logosu-300x165.png 300w\" sizes=\"auto, (max-width: 510px) 100vw, 510px\" \/>\n\t\t\t\t\t<\/div>\n\t\t[\/vc_column][\/vc_row][\/vc_section]<\/span><\/span><\/p>\n<\/div>","protected":false},"excerpt":{"rendered":"<p>[vc_section full_width=&#8221;stretch_row&#8221; woodmart_bg_position=&#8221;center-center&#8221; css=&#8221;.vc_custom_1638368459606{margin-bottom: 80px !important;padding-top: 50px !important;background-image: url(http:\/\/www.evrenmentese.com\/wp-content\/uploads\/2026\/02\/jewellery-vertical-line-bg-left.png) !important;background-position: 0 0 !important;background-repeat: repeat !important;}&#8221; woodmart_css_id=&#8221;61a784c7dea9d&#8221; responsive_spacing=&#8221;eyJwYXJhbV90eXBlIjoid29vZG1hcnRfcmVzcG9uc2l2ZV9zcGFjaW5nIiwic2VsZWN0b3JfaWQiOiI2MWE3ODRjN2RlYTlkIiwic2hvcnRjb2RlIjoidmNfc2VjdGlvbiIsImRhdGEiOnsidGFibGV0Ijp7fSwibW9iaWxlIjp7fX19&#8243; mobile_bg_img_hidden=&#8221;yes&#8221; tablet_bg_img_hidden=&#8221;no&#8221; woodmart_parallax=&#8221;0&#8243;<\/p>\n","protected":false},"author":1,"featured_media":0,"parent":0,"menu_order":0,"comment_status":"closed","ping_status":"closed","template":"","meta":{"footnotes":""},"class_list":["post-1223","page","type-page","status-publish","hentry"],"_links":{"self":[{"href":"https:\/\/www.evrenmentese.com\/index.php\/wp-json\/wp\/v2\/pages\/1223","targetHints":{"allow":["GET"]}}],"collection":[{"href":"https:\/\/www.evrenmentese.com\/index.php\/wp-json\/wp\/v2\/pages"}],"about":[{"href":"https:\/\/www.evrenmentese.com\/index.php\/wp-json\/wp\/v2\/types\/page"}],"author":[{"embeddable":true,"href":"https:\/\/www.evrenmentese.com\/index.php\/wp-json\/wp\/v2\/users\/1"}],"replies":[{"embeddable":true,"href":"https:\/\/www.evrenmentese.com\/index.php\/wp-json\/wp\/v2\/comments?post=1223"}],"version-history":[{"count":6,"href":"https:\/\/www.evrenmentese.com\/index.php\/wp-json\/wp\/v2\/pages\/1223\/revisions"}],"predecessor-version":[{"id":1233,"href":"https:\/\/www.evrenmentese.com\/index.php\/wp-json\/wp\/v2\/pages\/1223\/revisions\/1233"}],"wp:attachment":[{"href":"https:\/\/www.evrenmentese.com\/index.php\/wp-json\/wp\/v2\/media?parent=1223"}],"curies":[{"name":"wp","href":"https:\/\/api.w.org\/{rel}","templated":true}]}}